{"id":3384,"date":"2026-01-08T21:27:50","date_gmt":"2026-01-08T21:27:50","guid":{"rendered":"https:\/\/cful.letras.ulisboa.pt\/praxis\/?page_id=3384"},"modified":"2026-03-29T10:48:56","modified_gmt":"2026-03-29T09:48:56","slug":"philosophy-against-fascism","status":"publish","type":"page","link":"https:\/\/cful.letras.ulisboa.pt\/praxis\/philosophy-against-fascism\/","title":{"rendered":"Philosophy Against Fascism"},"content":{"rendered":"<h1><strong><em>Philosophy Against Fascism:<\/em><\/strong><\/h1>\n<h3>A Monthly Event Series<\/h3>\n<p>&nbsp;<\/p>\n<p>Until recently, fascism was widely assumed to have been defeated by the moral and political lessons of the Second World War. Yet in the early twenty-first century, fascist tendencies have re-emerged not as a simple repetition of the 1930s, but as a mutation adapted to contemporary conditions. Today, authoritarian movements often rise through democratic means, exploiting widespread disillusionment with mainstream politics while advancing illiberal agendas from within democratic institutions. Their discourse draws on narratives of national rebirth, lost greatness, and the recovery of sovereignty from \u201ccorrupt elites,\u201d \u201cglobalists,\u201d and constructed outsiders. Contemporary fascism also permeates everyday life, normalizing misogyny, homophobia, and racism, and making authoritarianism appear desirable or inevitable. Its resurgence is closely linked to digital media, which accelerates the circulation of conspiracy theories, hate speech, and extremist propaganda, often repackaged in playful or subcultural aesthetics that obscure their violent implications.<\/p>\n<p>&nbsp;<\/p>\n<p>Understanding and critique of the emergence of fascism requires an analysis of its complex ideological dimensions. <strong>Praxis-CFUL<\/strong> \u2013 the Practical Philosophy Research Group of the Center of Philosophy, University of Lisbon \u2013 and <a href=\"https:\/\/tigrepapel.pt\/\"><strong>Livraria Tigre de Papel<\/strong><\/a> initiate the discussion series <strong><em>Philosophy Against Fascism<\/em><\/strong><strong>,<\/strong> bringing together philosophers and theorists to critically examine contemporary forms of fascism and rethink anti-fascism today through lenses of capitalism, race, gender, nation, coloniality, and democracy.<\/p>\n<p>The events take once a month in the format of lectures roundtables &amp; open discussions (PT\/EN), between 18.30-20.00, at Livraria Tigre de Papel (Rua de Arroios 25, Lisboa). See full program below.<\/p>\n<p>&nbsp;<\/p>\n<p><img loading=\"lazy\" decoding=\"async\" class=\"aligncenter wp-image-3499\" src=\"https:\/\/cful.letras.ulisboa.pt\/praxis\/wp-content\/uploads\/sites\/4\/2026\/02\/Poster-Event-Series_Philosophy-Agaisnt-Fascism-724x1024.jpg\" alt=\"\" width=\"436\" height=\"617\" srcset=\"https:\/\/cful.letras.ulisboa.pt\/praxis\/wp-content\/uploads\/sites\/4\/2026\/02\/Poster-Event-Series_Philosophy-Agaisnt-Fascism-724x1024.jpg 724w, https:\/\/cful.letras.ulisboa.pt\/praxis\/wp-content\/uploads\/sites\/4\/2026\/02\/Poster-Event-Series_Philosophy-Agaisnt-Fascism-212x300.jpg 212w, https:\/\/cful.letras.ulisboa.pt\/praxis\/wp-content\/uploads\/sites\/4\/2026\/02\/Poster-Event-Series_Philosophy-Agaisnt-Fascism-768x1086.jpg 768w, https:\/\/cful.letras.ulisboa.pt\/praxis\/wp-content\/uploads\/sites\/4\/2026\/02\/Poster-Event-Series_Philosophy-Agaisnt-Fascism-1086x1536.jpg 1086w, https:\/\/cful.letras.ulisboa.pt\/praxis\/wp-content\/uploads\/sites\/4\/2026\/02\/Poster-Event-Series_Philosophy-Agaisnt-Fascism-1448x2048.jpg 1448w, https:\/\/cful.letras.ulisboa.pt\/praxis\/wp-content\/uploads\/sites\/4\/2026\/02\/Poster-Event-Series_Philosophy-Agaisnt-Fascism-scaled.jpg 1810w\" sizes=\"auto, (max-width: 436px) 100vw, 436px\" \/><\/p>\n<p>&nbsp;<\/p>\n<p><a href=\"https:\/\/cful.letras.ulisboa.pt\/praxis\/events\/philosophy-against-fascism-s1\/\"><strong>Session 1<\/strong><\/a> | <strong>15 January 2026<\/strong> | Alberto Toscano<\/p>\n<p>&nbsp;<\/p>\n<p><a href=\"https:\/\/cful.letras.ulisboa.pt\/praxis\/events\/philosophy-against-fascism-s2\/\"><strong>Session 2<\/strong><\/a> | <strong>4 February 2026<\/strong> | Marcia S\u00e1 Cavalcante Schuback and Sjoerd van Tuinen<\/p>\n<p>&nbsp;<\/p>\n<p><a href=\"https:\/\/cful.letras.ulisboa.pt\/praxis\/events\/philosophy-against-fascism-s3\/\"><strong>Session 3<\/strong><\/a> | <strong>19 March 2026<\/strong> | Tamara Caraus<\/p>\n<p>&nbsp;<\/p>\n<p><a href=\"https:\/\/cful.letras.ulisboa.pt\/praxis\/events\/philosophy-against-fascism-s4\/\"><strong>Session 4<\/strong><\/a> | <strong>9 April 2026<\/strong> | Julie Van der Wielen-Honinckx and Erik Bordeleau<\/p>\n<p>&nbsp;<\/p>\n<p><strong>Session 5<\/strong> | <strong>14 May 2026<\/strong> | TBA<\/p>\n<p>&nbsp;<\/p>\n<p><strong>Session 6<\/strong> | <strong>11 June 2026<\/strong> | TBA<\/p>\n<p>&nbsp;<\/p>\n<p><strong>Session 7<\/strong> | <strong>9 July 2026<\/strong> | TBA<\/p>\n<p>&nbsp;<\/p>\n<p>Coordination: <a href=\"https:\/\/cful.letras.ulisboa.pt\/praxis\/people\/tamara-caraus\/\">Tamara Caraus<\/a> (Praxis-CFUL) and <a href=\"https:\/\/www.eur.nl\/people\/sjoerd-van-tuinen\">Sjoerd van Tuinen<\/a> (Erasmus University Rotterdam).<\/p>\n<p>&nbsp;<\/p>\n<p><em>This event is funded by Portuguese national funds through FCT \u2013 Funda\u00e7\u00e3o para a Ci\u00eancia e a Tecnologia, I.P., within the project UID\/00310\/2025, Centro de Filosofia da Universidade de Lisboa.<\/em><\/p>\n","protected":false},"excerpt":{"rendered":"<p>Philosophy Against Fascism: A Monthly Event Series &nbsp; Until recently, fascism was widely assumed to have been defeated by the moral and political lessons of the Second World War. Yet in the early twenty-first century, fascist tendencies have re-emerged not as a simple repetition of the 1930s, but as a mutation adapted to contemporary conditions. [&hellip;]<\/p>\n","protected":false},"author":2,"featured_media":0,"parent":0,"menu_order":0,"comment_status":"closed","ping_status":"closed","template":"","meta":{"activitypub_content_warning":"","activitypub_content_visibility":"local","activitypub_max_image_attachments":4,"activitypub_interaction_policy_quote":"anyone","activitypub_status":"","footnotes":""},"class_list":["post-3384","page","type-page","status-publish","hentry"],"_links":{"self":[{"href":"https:\/\/cful.letras.ulisboa.pt\/praxis\/wp-json\/wp\/v2\/pages\/3384","targetHints":{"allow":["GET"]}}],"collection":[{"href":"https:\/\/cful.letras.ulisboa.pt\/praxis\/wp-json\/wp\/v2\/pages"}],"about":[{"href":"https:\/\/cful.letras.ulisboa.pt\/praxis\/wp-json\/wp\/v2\/types\/page"}],"author":[{"embeddable":true,"href":"https:\/\/cful.letras.ulisboa.pt\/praxis\/wp-json\/wp\/v2\/users\/2"}],"replies":[{"embeddable":true,"href":"https:\/\/cful.letras.ulisboa.pt\/praxis\/wp-json\/wp\/v2\/comments?post=3384"}],"version-history":[{"count":2,"href":"https:\/\/cful.letras.ulisboa.pt\/praxis\/wp-json\/wp\/v2\/pages\/3384\/revisions"}],"predecessor-version":[{"id":3587,"href":"https:\/\/cful.letras.ulisboa.pt\/praxis\/wp-json\/wp\/v2\/pages\/3384\/revisions\/3587"}],"wp:attachment":[{"href":"https:\/\/cful.letras.ulisboa.pt\/praxis\/wp-json\/wp\/v2\/media?parent=3384"}],"curies":[{"name":"wp","href":"https:\/\/api.w.org\/{rel}","templated":true}]}}