{"id":3076,"date":"2025-02-16T19:12:13","date_gmt":"2025-02-16T19:12:13","guid":{"rendered":"https:\/\/cful.letras.ulisboa.pt\/praxis\/?page_id=3076"},"modified":"2026-04-09T11:38:12","modified_gmt":"2026-04-09T10:38:12","slug":"praxis-seminar","status":"publish","type":"page","link":"https:\/\/cful.letras.ulisboa.pt\/praxis\/programme\/praxis-seminar\/","title":{"rendered":"Praxis Seminar"},"content":{"rendered":"<p>&nbsp;<\/p>\n<p><img loading=\"lazy\" decoding=\"async\" class=\"aligncenter wp-image-1989 size-full\" src=\"https:\/\/cful.letras.ulisboa.pt\/praxis\/wp-content\/uploads\/sites\/4\/2020\/12\/PS_logo_2.001.jpeg\" alt=\"\" width=\"1920\" height=\"1080\" srcset=\"https:\/\/cful.letras.ulisboa.pt\/praxis\/wp-content\/uploads\/sites\/4\/2020\/12\/PS_logo_2.001.jpeg 1920w, https:\/\/cful.letras.ulisboa.pt\/praxis\/wp-content\/uploads\/sites\/4\/2020\/12\/PS_logo_2.001-300x169.jpeg 300w, https:\/\/cful.letras.ulisboa.pt\/praxis\/wp-content\/uploads\/sites\/4\/2020\/12\/PS_logo_2.001-1024x576.jpeg 1024w, https:\/\/cful.letras.ulisboa.pt\/praxis\/wp-content\/uploads\/sites\/4\/2020\/12\/PS_logo_2.001-768x432.jpeg 768w, https:\/\/cful.letras.ulisboa.pt\/praxis\/wp-content\/uploads\/sites\/4\/2020\/12\/PS_logo_2.001-1536x864.jpeg 1536w\" sizes=\"auto, (max-width: 1920px) 100vw, 1920px\" \/><\/p>\n<p><span style=\"color: #ffffff;\">.<\/span><!--more--><\/p>\n<p>The <em><strong>Praxis Seminar \u2014 Research Colloquium in Practical Philosophy<\/strong><\/em> is the central research seminar of the Practical Philosophy Research Group. It features lectures and presentations by distinguished national and international scholars, invited to share their latest work. The seminar is designed as a forum for in-depth philosophical discussion, offering a cross-cutting perspective on a wide range of topics, and fostering an enriching environment for academic exchange.<\/p>\n<p>Meetings take place every Tuesday during the academic year, structured as a 45-minute presentation followed by a Q&amp;A session of the same duration.<\/p>\n<p>After each session, there is usually a dinner with the guest speaker. Everyone is welcome to join this more informal discussion.<\/p>\n<p>&nbsp;<\/p>\n<p><em><strong>When<\/strong>: Tuesdays, 5:15 p.m. to 6:45 p.m.<\/em><\/p>\n<p><em><strong>Where<\/strong>: Sala Mattos Rom\u00e3o (Room C201.J), Department of Philosophy, School of Arts and Humanities, University of Lisbon.<\/em><\/p>\n<p>&nbsp;<\/p>\n<h4 style=\"text-align: center;\">Attendance is free and open to the public<\/h4>\n<p>&nbsp;<\/p>\n<p>&nbsp;<\/p>\n<h6><strong>Upcoming Sessions<\/strong><\/h6>\n<p>&nbsp;<\/p>\n<p><strong>Session 17 |<\/strong>\u00a014 April 2026<\/p>\n<p>Tamara Caraus (Praxis-CFUL)<\/p>\n<p><a href=\"https:\/\/cful.letras.ulisboa.pt\/praxis\/events\/praxis-seminar-2025-26-s17\/\"><em>How to Grasp a Totality? On Marx&#8217;s Method in Grundrisse<\/em><\/a><\/p>\n<p>&nbsp;<\/p>\n<p style=\"padding-left: 120px;\"><strong><a href=\"https:\/\/cful.letras.ulisboa.pt\/praxis\/events\/identity-difference-contradiction\/\">Workshop <em>Identity, Difference, and Contradiction: Iberian Perspectives on Hegel<\/em><\/a> |<\/strong> 20-21 April 2026<\/p>\n<p>&nbsp;<\/p>\n<p><strong>Session 18 |<\/strong>\u00a028 April 2026<\/p>\n<p>A.J.A. Woods (Brighton, UK)<\/p>\n<p>&nbsp;<\/p>\n<p><strong>Session 19 |<\/strong>\u00a05 May 2026<\/p>\n<p>Pedro Galv\u00e3o (Praxis-CFUL)<\/p>\n<p>&nbsp;<\/p>\n<p><strong>Session 20 |<\/strong>\u00a012 May 2026<\/p>\n<p>Juan Evaristo Bloix (Universidad Complutense de Madrid)<\/p>\n<p><em>The Joy of Missing Out: A Critique of Work in Neoliberal Society<\/em><\/p>\n<p>&nbsp;<\/p>\n<p><strong>Session 21 |<\/strong>\u00a019 May 2026<\/p>\n<p>Saul Newman (Goldsmiths, University of London)<\/p>\n<p>&nbsp;<\/p>\n<p style=\"padding-left: 120px;\"><strong><em>Artificial<\/em> <em>Creativity Workshop<\/em> |<\/strong> 26-27 May 2026<\/p>\n<p>&nbsp;<\/p>\n<p><strong>Session 22 |<\/strong> 2 June 2026<\/p>\n<p>Andr\u00e9 Barata (Universidade da Beira Interior)<\/p>\n<p>&nbsp;<\/p>\n<hr \/>\n<h6><strong>Past Sessions<\/strong><\/h6>\n<p>&nbsp;<\/p>\n<p style=\"padding-left: 40px;\"><strong>Praxis Group General Meeting 2025\/2026, 1S<\/strong> | 30 September 2025<\/p>\n<p>&nbsp;<\/p>\n<p><strong>Session 1 |<\/strong> 7 October 2025<\/p>\n<p>Tu\u011fba Sevin\u00e7 (Kadir Has University)<\/p>\n<p><a href=\"https:\/\/cful.letras.ulisboa.pt\/praxis\/praxis-seminar-2025-26-s1\/\"><em>Solidarity: A defense of its plurality<\/em><\/a><\/p>\n<p>&nbsp;<\/p>\n<p><strong>Session 2 |<\/strong> 14 October 2025<\/p>\n<p>Iracema Dulley (ICS\/ULisboa)<\/p>\n<p><a href=\"https:\/\/cful.letras.ulisboa.pt\/praxis\/?p=3266&amp;preview=true\"><em>The Fetish in Translation: Reflections from Central Angola<\/em><\/a><\/p>\n<p>&nbsp;<\/p>\n<p><strong>Session 3 |<\/strong> 21 October 2025<\/p>\n<p>Sjoerd van Tuinen (Erasmus University Rotterdam)<\/p>\n<p><a href=\"https:\/\/cful.letras.ulisboa.pt\/praxis\/praxis-seminar-s3\/\"><em>Agamben&#8217;s Modal Metaphysics<\/em><\/a><\/p>\n<p>&nbsp;<\/p>\n<p><strong>Session 4 |<\/strong> 28 October 2025<\/p>\n<p>Katerina Standish (University of Northern British Columbia)<\/p>\n<p><a href=\"https:\/\/cful.letras.ulisboa.pt\/praxis\/events\/praxis-seminar-25-26-s4\/\"><em>Encounter Theory: A Pathway Forward <\/em><\/a><\/p>\n<p>&nbsp;<\/p>\n<p><strong>Session 5 |<\/strong> 4 November 2025<\/p>\n<p>Jason Yonover (Yale University)<\/p>\n<p><a href=\"https:\/\/cful.letras.ulisboa.pt\/praxis\/events\/praxis-seminar-s5\/\"><em>Martin Luther King, Jr. and G.W.F. Hegel on Moral Progress <\/em><\/a><\/p>\n<p>&nbsp;<\/p>\n<p><strong>International Workshop <a href=\"https:\/\/cful.letras.ulisboa.pt\/praxis\/events\/ungrounding-the-political-the-contemporary-role-of-antagonism-contingency-and-difference-in-political-theory\/\">Ungrounding the Political<\/a>\u00a0|<\/strong> 11 and 12 November 2025<\/p>\n<p>&nbsp;<\/p>\n<p><strong>Session 6 |<\/strong> 18 November 2025<\/p>\n<p><span data-sheets-root=\"1\">Bernardo Ferro (Instituto de Estudos Filos\u00f3ficos, Universidade de Coimbra)<\/span><\/p>\n<p><a href=\"https:\/\/cful.letras.ulisboa.pt\/praxis\/events\/praxis-seminar-s6\/\"><em>LAN\u00c7AMENTO \u2013 Hegel Beyond Liberalism: The Dialectic of Political and Economic Democracy<\/em><\/a><\/p>\n<p>&nbsp;<\/p>\n<p><strong>Session 7 |<\/strong> 25 November 2025<\/p>\n<p>Eduardo Pellejero (Universidade Federal do Rio Grande do Norte)<\/p>\n<p><a href=\"https:\/\/cful.letras.ulisboa.pt\/praxis\/events\/praxis-seminar-s7\/\"><em>Alternativa sens\u00edvel: a experi\u00eancia est\u00e9tica perante os dispositivos de captura da aten\u00e7\u00e3o<\/em><\/a><\/p>\n<p>&nbsp;<\/p>\n<p><span style=\"color: #000000;\"><span style=\"color: #999999;\"><strong>Session 8 |<\/strong> 2 December 2025<\/span> <strong>[<em>cancelled for health reasons<\/em>]<\/strong><\/span><\/p>\n<p><span style=\"color: #999999;\">Michael Byron (Kent State University)<\/span><\/p>\n<p><span style=\"color: #999999;\"><em>Hobbes on Submission to God<\/em><\/span><\/p>\n<p>&nbsp;<\/p>\n<p><strong>Session 9 |<\/strong> 9 December 2025<\/p>\n<p>Jonathan Floyd (Bristol University)<\/p>\n<p><a href=\"https:\/\/cful.letras.ulisboa.pt\/praxis\/events\/praxis-seminar-2025-26-s9\/\"><em>What is the point of doing &#8216;methodology&#8217; in political theory?<\/em><\/a><\/p>\n<p>&nbsp;<\/p>\n<p><strong>Session 10 |<\/strong> 16 December 2025<\/p>\n<p><a href=\"https:\/\/cful.letras.ulisboa.pt\/praxis\/events\/praxis-seminar-25-26-s10\/\"><em>Roundtable: The Centenary of Frantz Fanon<\/em><\/a><\/p>\n<p>with Marcela Uch\u00f4a, Jeovet Baca Virg\u00ednia, Tamara Caraus, and Mariana Teixeira<\/p>\n<p>&nbsp;<\/p>\n<p style=\"padding-left: 40px;\"><strong>Praxis Group General Meeting 2025\/2026, 2S |<\/strong>\u00a010 February 2026<\/p>\n<p style=\"padding-left: 40px;\"><em>(internal activity)<\/em><\/p>\n<p>&nbsp;<\/p>\n<p><strong>Session 11 |<\/strong> 24 February 2026<\/p>\n<p>Moirika Reker (Praxis-CFUL)<\/p>\n<p><a href=\"https:\/\/cful.letras.ulisboa.pt\/praxis\/events\/praxis-seminar-2025-26-s11\/\"><em>Urban fruits: The (public) orchard as a bridge to the landscape<\/em><\/a><\/p>\n<p>&nbsp;<\/p>\n<p><strong>Session 12 |<\/strong>\u00a03 March 2026<\/p>\n<p>Sally Sedgwick (Boston University)<\/p>\n<p><a href=\"https:\/\/cful.letras.ulisboa.pt\/praxis\/events\/praxis-seminar-2025-26-s12\/\"><em>Weltgeschichte als Weltgericht: Justifying Hegel\u2019s World History and Philosophy of Right<\/em><\/a><\/p>\n<p>&nbsp;<\/p>\n<p><span style=\"color: #999999;\"><strong>Session 13 |<\/strong> 10 March 2026<\/span><strong> <span style=\"color: #000000;\">[<em>cancelled due to the war<\/em>]<\/span><\/strong><\/p>\n<p><span style=\"color: #999999;\">Ray Brassier (American University of Beirut)<\/span><\/p>\n<p><span style=\"color: #999999;\"><em>Surplus Repression and Social Suppression<\/em><\/span><\/p>\n<p>&nbsp;<\/p>\n<p><strong>Session 14 |<\/strong>\u00a017 March 2026<\/p>\n<p>Jos\u00e9 Quaresma (Faculdade de Belas Artes da Universidade de Lisboa e Praxis-CFUL)<\/p>\n<p><a href=\"https:\/\/cful.letras.ulisboa.pt\/praxis\/events\/praxis-seminar-2025-26-s14\/\"><em>O impacto da imersividade \u00f3ptico-h\u00e1ptica digital na entrega ao olhar do Outro (se ainda <\/em>a\u00ed<em> estiver)<\/em><\/a><\/p>\n<p>&nbsp;<\/p>\n<p><strong>Session 15 |<\/strong>\u00a024 March 2026<\/p>\n<p>Adriana Serr\u00e3o (Faculdade de Letras da Universidade de Lisboa e Praxis-CFUL)<\/p>\n<p><a href=\"https:\/\/cful.letras.ulisboa.pt\/praxis\/events\/praxis-seminar-2025-26-s15\/\"><em>Quando a t\u00e9cnica ganha vida &#8211;\u00a0Georg Simmel: do conflito da cultura ao tr\u00e1gico metaf\u00edsico<\/em><\/a><\/p>\n<p>&nbsp;<\/p>\n<p><strong>Session 16 |<\/strong>\u00a07 April 2026<\/p>\n<p>Maria Jo\u00e3o Cantinho (Praxis-CFUL)<\/p>\n<p><a href=\"https:\/\/cful.letras.ulisboa.pt\/praxis\/events\/praxis-seminar-2025-26-s16-2\/\"><em>Marxismo, Messianismo e Utopia na Obra de Walter Benjamin<\/em><\/a><\/p>\n<p>&nbsp;<\/p>\n<p>&nbsp;<\/p>\n<hr \/>\n<p>&nbsp;<\/p>\n<p><strong><em>Past Years:<\/em><\/strong><\/p>\n<p><a href=\"https:\/\/cful.letras.ulisboa.pt\/praxis\/events\/praxis-seminar-2024-2025\/\">Praxis Seminar 2024\/25<\/a><\/p>\n<p><a href=\"https:\/\/cful.letras.ulisboa.pt\/praxis\/events\/praxis-seminar-2023-2024\/\">Praxis Seminar 2023\/24<\/a><\/p>\n<p><a href=\"https:\/\/cful.letras.ulisboa.pt\/praxis\/events\/praxis-seminar-2022-2023\/\">Praxis Seminar 2022\/23<\/a><\/p>\n<p><a href=\"https:\/\/cful.letras.ulisboa.pt\/praxis\/events\/praxis-seminar-2021-2022\/\">Praxis Seminar 2021\/22<\/a><\/p>\n<p><a href=\"https:\/\/cful.letras.ulisboa.pt\/praxis\/events\/praxis-seminar-2020-2021\/\">Praxis Seminar 2020\/21<\/a><\/p>\n<p><a href=\"http:\/\/cful.letras.ulisboa.pt\/praxis\/events\/praxis-seminar-2019-2020\/\">Praxis Seminar 2019\/20<\/a><\/p>\n<p>&nbsp;<\/p>\n<p>&nbsp;<\/p>\n","protected":false},"excerpt":{"rendered":"<p>&nbsp; .<\/p>\n","protected":false},"author":2,"featured_media":0,"parent":3070,"menu_order":1,"comment_status":"closed","ping_status":"closed","template":"","meta":{"activitypub_content_warning":"","activitypub_content_visibility":"local","activitypub_max_image_attachments":4,"activitypub_interaction_policy_quote":"anyone","activitypub_status":"","footnotes":""},"class_list":["post-3076","page","type-page","status-publish","hentry"],"_links":{"self":[{"href":"https:\/\/cful.letras.ulisboa.pt\/praxis\/wp-json\/wp\/v2\/pages\/3076","targetHints":{"allow":["GET"]}}],"collection":[{"href":"https:\/\/cful.letras.ulisboa.pt\/praxis\/wp-json\/wp\/v2\/pages"}],"about":[{"href":"https:\/\/cful.letras.ulisboa.pt\/praxis\/wp-json\/wp\/v2\/types\/page"}],"author":[{"embeddable":true,"href":"https:\/\/cful.letras.ulisboa.pt\/praxis\/wp-json\/wp\/v2\/users\/2"}],"replies":[{"embeddable":true,"href":"https:\/\/cful.letras.ulisboa.pt\/praxis\/wp-json\/wp\/v2\/comments?post=3076"}],"version-history":[{"count":2,"href":"https:\/\/cful.letras.ulisboa.pt\/praxis\/wp-json\/wp\/v2\/pages\/3076\/revisions"}],"predecessor-version":[{"id":3597,"href":"https:\/\/cful.letras.ulisboa.pt\/praxis\/wp-json\/wp\/v2\/pages\/3076\/revisions\/3597"}],"up":[{"embeddable":true,"href":"https:\/\/cful.letras.ulisboa.pt\/praxis\/wp-json\/wp\/v2\/pages\/3070"}],"wp:attachment":[{"href":"https:\/\/cful.letras.ulisboa.pt\/praxis\/wp-json\/wp\/v2\/media?parent=3076"}],"curies":[{"name":"wp","href":"https:\/\/api.w.org\/{rel}","templated":true}]}}